{"id":10,"date":"2015-03-04T11:00:16","date_gmt":"2015-03-04T11:00:16","guid":{"rendered":"http:\/\/www.solution-informatique.lu\/?page_id=10"},"modified":"2023-04-27T09:47:45","modified_gmt":"2023-04-27T07:47:45","slug":"notre-societe","status":"publish","type":"page","link":"https:\/\/www.solution-informatique.lu\/?page_id=10","title":{"rendered":"Notre Soci\u00e9t\u00e9"},"content":{"rendered":"<p><strong>Solution Informatique, votre partenaire en informatique<\/strong><\/p>\n<p>Cr\u00e9\u00e9e en 2006, la Solution Informatique S.\u00e0 r.l. est une soci\u00e9t\u00e9 de conseil et de services en informatique offrant une vaste <a href=\"https:\/\/www.solution-informatique.lu\/nos-services\/\">gamme de services<\/a>. Que vous soyez un particulier ou un professionnel, nous vous proposons une d\u00e9marche personnalis\u00e9e et adapt\u00e9e \u00e0 vos besoins et \u00e0 des tarifs tr\u00e8s \u00e9conomiques.<\/p>\n<p>Par la qualit\u00e9 de ses prestations et de ses produits, la Solution Informatique conserve la confiance des entreprises r\u00e9gionales et assurer la poursuite de son d\u00e9veloppement.<\/p>\n<p>Autorisation d&#8217;\u00e9tablissement: No. 113014<br \/>\nCapital social: 22.500,00 \u20ac<\/p>\n<hr \/>\n<div class=\"art-postmetadataheader\">\n<h2 id=\"module6\" class=\"art-postheader moduletitle\"><strong>Administrations \/ Administrations Communales<\/strong><\/h2>\n<\/div>\n<article id=\"ctl00_mainContent_ctl02_pnlOuterBody\" class=\"art-postcontent\">\n<div class=\"art-content-layout\">\n<div class=\"art-content-layout-row\">\n<div id=\"ctl00_mainContent_ctl02_pnlInnerBody\" class=\"modulecontent\">\n<div id=\"ctl00_mainContent_ctl02_divContent\">\n<div class=\"floatpanel\">\n<div class=\"floatpanel section\">\n<ul>\n<li>Corps Grand-Ducal Incendie &amp; Secours (CGDIS)<\/li>\n<li>Administration de la Gestion de l&#8217;Eau<\/li>\n<li>&gt; 70 Administrations communales<\/li>\n<\/ul>\n<h3>Fiduciaires et Bureau\u00a0Comptable<\/h3>\n<\/div>\n<div class=\"floatpanel section\">\n<ul>\n<li>&gt; 20 Fiduciaires<\/li>\n<li>&gt; 12 Bureaux comptables<\/li>\n<\/ul>\n<h3>Soci\u00e9t\u00e9s<\/h3>\n<ul>\n<li>&gt; 130 soci\u00e9t\u00e9s<\/li>\n<\/ul>\n<\/div>\n<div class=\"floatpanel section\">\n<h3>A.s.b.l.\/Fondations\/Priv\u00e9s<\/h3>\n<ul>\n<li>FNEL<\/li>\n<li>Fondation\u00a0FNEL<\/li>\n<li>ONGD FNEL<\/li>\n<li>Cercle des \u00c9checs Dudelange a.s.b.l.<\/li>\n<li>CS Fola\u00a0a.s.b.l.<\/li>\n<li>Football Club Sporting Bertrange a.s.b.l.<\/li>\n<li>F\u00e9d\u00e9ration Luxembourgeoise des \u00c9checs<\/li>\n<li>Den-I.lu a.s.b.l.<\/li>\n<li>H.B. Diddeleng<\/li>\n<li>ALAN<\/li>\n<li>&#8230; et plus<\/li>\n<\/ul>\n<\/div>\n<\/div>\n<\/div>\n<\/div>\n<\/div>\n<\/div>\n<\/article>\n","protected":false},"excerpt":{"rendered":"<p>Solution Informatique, votre partenaire en informatique Cr\u00e9\u00e9e en 2006, la Solution Informatique S.\u00e0 r.l. est une soci\u00e9t\u00e9 de conseil et de services en informatique offrant une vaste gamme de services. Que vous soyez un particulier ou un professionnel, nous vous proposons une d\u00e9marche personnalis\u00e9e et adapt\u00e9e \u00e0 vos besoins et \u00e0 des tarifs tr\u00e8s \u00e9conomiques. [&hellip;]<\/p>\n","protected":false},"author":1,"featured_media":533,"parent":0,"menu_order":0,"comment_status":"closed","ping_status":"closed","template":"","meta":{"_et_pb_use_builder":"","_et_pb_old_content":"","_et_gb_content_width":"","footnotes":"","_links_to":"","_links_to_target":""},"class_list":["post-10","page","type-page","status-publish","has-post-thumbnail","hentry"],"_links":{"self":[{"href":"https:\/\/www.solution-informatique.lu\/index.php?rest_route=\/wp\/v2\/pages\/10","targetHints":{"allow":["GET"]}}],"collection":[{"href":"https:\/\/www.solution-informatique.lu\/index.php?rest_route=\/wp\/v2\/pages"}],"about":[{"href":"https:\/\/www.solution-informatique.lu\/index.php?rest_route=\/wp\/v2\/types\/page"}],"author":[{"embeddable":true,"href":"https:\/\/www.solution-informatique.lu\/index.php?rest_route=\/wp\/v2\/users\/1"}],"replies":[{"embeddable":true,"href":"https:\/\/www.solution-informatique.lu\/index.php?rest_route=%2Fwp%2Fv2%2Fcomments&post=10"}],"version-history":[{"count":39,"href":"https:\/\/www.solution-informatique.lu\/index.php?rest_route=\/wp\/v2\/pages\/10\/revisions"}],"predecessor-version":[{"id":1118,"href":"https:\/\/www.solution-informatique.lu\/index.php?rest_route=\/wp\/v2\/pages\/10\/revisions\/1118"}],"wp:featuredmedia":[{"embeddable":true,"href":"https:\/\/www.solution-informatique.lu\/index.php?rest_route=\/wp\/v2\/media\/533"}],"wp:attachment":[{"href":"https:\/\/www.solution-informatique.lu\/index.php?rest_route=%2Fwp%2Fv2%2Fmedia&parent=10"}],"curies":[{"name":"wp","href":"https:\/\/api.w.org\/{rel}","templated":true}]}}