{"id":106,"date":"2015-03-05T05:46:36","date_gmt":"2015-03-05T05:46:36","guid":{"rendered":"http:\/\/www.solution-informatique.lu\/?page_id=106"},"modified":"2023-01-26T14:46:06","modified_gmt":"2023-01-26T13:46:06","slug":"ige-biz","status":"publish","type":"page","link":"https:\/\/www.solution-informatique.lu\/?page_id=106","title":{"rendered":"IGE-Biz"},"content":{"rendered":"<p>IGe-Biz est un logiciel de facturation, complet, que vous vendiez des articles ou que vous fassiez des prestations de services, notre logiciel permet de g\u00e9rer toutes sortes de facturation.<\/p>\n<ul>\n<li>PEPPOL-ready!<\/li>\n<li>Gestion des heures prest\u00e9es pour un ou plusieurs clients<\/li>\n<li>Gestion des heures prest\u00e9es sur un ou plusieurs chantiers<\/li>\n<li>Gestion des chantiers\/Projets<\/li>\n<li>Gestion du personnel<\/li>\n<li>Gestion des articles<\/li>\n<li>Gestion de Stock<\/li>\n<li>Gestion des devis (Suivi des devis)<\/li>\n<li>Gestion des commandes<\/li>\n<li>Gestion des factures (Rappels, Payements)<\/li>\n<li>Gestion des clients ( + collaborateurs )<\/li>\n<li>Gestion des fournisseurs ( + collaborateurs )<\/li>\n<li>Int\u00e9gration avec IGE-Compta +<\/li>\n<\/ul>\n<p>Le programme a \u00e9t\u00e9 r\u00e9alis\u00e9 pour \u00eatre utilis\u00e9 aussi bien sur un r\u00e9seau d\u2019entreprise ou par Internet.<\/p>\n<p>IGE-Biz est fortement adaptable \u00e0 vos besoins et en cas de n\u00e9cessist\u00e9 la Solution Informatique pourra adapter le logiciel.<\/p>\n","protected":false},"excerpt":{"rendered":"<p>IGe-Biz est un logiciel de facturation, complet, que vous vendiez des articles ou que vous fassiez des prestations de services, notre logiciel permet de g\u00e9rer toutes sortes de facturation. PEPPOL-ready! Gestion des heures prest\u00e9es pour un ou plusieurs clients Gestion des heures prest\u00e9es sur un ou plusieurs chantiers Gestion des chantiers\/Projets Gestion du personnel Gestion [&hellip;]<\/p>\n","protected":false},"author":1,"featured_media":0,"parent":45,"menu_order":0,"comment_status":"closed","ping_status":"closed","template":"","meta":{"_et_pb_use_builder":"","_et_pb_old_content":"","_et_gb_content_width":"","footnotes":"","_links_to":"","_links_to_target":""},"class_list":["post-106","page","type-page","status-publish","hentry"],"_links":{"self":[{"href":"https:\/\/www.solution-informatique.lu\/index.php?rest_route=\/wp\/v2\/pages\/106","targetHints":{"allow":["GET"]}}],"collection":[{"href":"https:\/\/www.solution-informatique.lu\/index.php?rest_route=\/wp\/v2\/pages"}],"about":[{"href":"https:\/\/www.solution-informatique.lu\/index.php?rest_route=\/wp\/v2\/types\/page"}],"author":[{"embeddable":true,"href":"https:\/\/www.solution-informatique.lu\/index.php?rest_route=\/wp\/v2\/users\/1"}],"replies":[{"embeddable":true,"href":"https:\/\/www.solution-informatique.lu\/index.php?rest_route=%2Fwp%2Fv2%2Fcomments&post=106"}],"version-history":[{"count":2,"href":"https:\/\/www.solution-informatique.lu\/index.php?rest_route=\/wp\/v2\/pages\/106\/revisions"}],"predecessor-version":[{"id":1093,"href":"https:\/\/www.solution-informatique.lu\/index.php?rest_route=\/wp\/v2\/pages\/106\/revisions\/1093"}],"up":[{"embeddable":true,"href":"https:\/\/www.solution-informatique.lu\/index.php?rest_route=\/wp\/v2\/pages\/45"}],"wp:attachment":[{"href":"https:\/\/www.solution-informatique.lu\/index.php?rest_route=%2Fwp%2Fv2%2Fmedia&parent=106"}],"curies":[{"name":"wp","href":"https:\/\/api.w.org\/{rel}","templated":true}]}}