{"id":111,"date":"2015-03-05T05:50:39","date_gmt":"2015-03-05T05:50:39","guid":{"rendered":"http:\/\/www.solution-informatique.lu\/?page_id=111"},"modified":"2015-03-05T05:52:06","modified_gmt":"2015-03-05T05:52:06","slug":"ige-amortissements","status":"publish","type":"page","link":"https:\/\/www.solution-informatique.lu\/?page_id=111","title":{"rendered":"IGE-Amortissements"},"content":{"rendered":"<p><strong>LA REFERENCE pour le calcul de vos amortissements!<\/strong><\/p>\n<p>IGe-Amortissements est un logiciel autonome de gestion des amortissements et investissements.<\/p>\n<p>Fontionnant sous Windows ce progiciel se caract\u00e9rise par sa fiabilit\u00e9 et sa grande simplicit\u00e9 d&#8217;emploi. Il a pour fonction principale la tenue \u00e0 jour des FICHES D&#8217;IMMOBILISATIONS, le calcul et l&#8217;impression du TABLEAU des AMORTISSEMENTS de l&#8217;Exercice &#8216;En Cours&#8217;. Les calculs effectu\u00e9s selon les modes lin\u00e9aire ou d\u00e9gressif respectent scrupuleusement les r\u00e8gles comptables.<\/p>\n<p>Le syst\u00e8me tient compte des \u00e9ventuelles cessions ou mises au rebut et d\u00e9termine les plus-values. Un mode &#8216;Manuel&#8217; est pr\u00e9vu pour traiter tous les cas sp\u00e9ciaux.<\/p>\n<p>Quelques fonctionnalit\u00e9s.<\/p>\n<ul>\n<li>Permet de g\u00e9rer un nombre illimit\u00e9 de dossiers.<\/li>\n<li>Impression du tableau d&#8217;amortissement avec ou sans leasing<\/li>\n<li>Impression du tableau des leasing<\/li>\n<li>Impression du tableau des nouvelles acquisitions<\/li>\n<li>Impression des r\u00e9sum\u00e9s<\/li>\n<li>Impression des fiches pour la comptabilit\u00e9 (\u00e9criture comptable)<\/li>\n<li>Impression des fiches analytiques pour la comptabilit\u00e9 (\u00e9criture comptable)<\/li>\n<li>Exportation de toutes les impressions (Excel, Pdf&#8230;)<\/li>\n<li>Groupes et Sous-Groupes illimit\u00e9es<\/li>\n<li>Simulations du calcul d&#8217;amortissement dans une ann\u00e9e en cours<\/li>\n<li>Archivage des documents (Factures, Lettres&#8230;.) par bien\/article<\/li>\n<li>Gestion des photos par bien\/article<\/li>\n<li>Exportation en EXCEL&#8230;..<\/li>\n<li>Gestion de votre inventaire! Impression d&#8217;\u00e9tiquettes d&#8217;identification, Impression Fiche par bureau&#8230;<\/li>\n<li>Importation<\/li>\n<li>G\u00e9n\u00e9ration des \u00e9critures comptables<\/li>\n<li>Analytique par biens\/groupes\/sous groupes<\/li>\n<li>G\u00e9n\u00e9ration des \u00e9critures comptables analytiques<\/li>\n<li>Regroupement des biens<\/li>\n<li>Archivage et suivis des amortissements<\/li>\n<li>&#8230;<\/li>\n<\/ul>\n","protected":false},"excerpt":{"rendered":"<p>LA REFERENCE pour le calcul de vos amortissements! IGe-Amortissements est un logiciel autonome de gestion des amortissements et investissements. Fontionnant sous Windows ce progiciel se caract\u00e9rise par sa fiabilit\u00e9 et sa grande simplicit\u00e9 d&#8217;emploi. Il a pour fonction principale la tenue \u00e0 jour des FICHES D&#8217;IMMOBILISATIONS, le calcul et l&#8217;impression du TABLEAU des AMORTISSEMENTS de [&hellip;]<\/p>\n","protected":false},"author":1,"featured_media":0,"parent":45,"menu_order":0,"comment_status":"closed","ping_status":"closed","template":"","meta":{"_et_pb_use_builder":"","_et_pb_old_content":"","_et_gb_content_width":"","footnotes":"","_links_to":"","_links_to_target":""},"class_list":["post-111","page","type-page","status-publish","hentry"],"_links":{"self":[{"href":"https:\/\/www.solution-informatique.lu\/index.php?rest_route=\/wp\/v2\/pages\/111","targetHints":{"allow":["GET"]}}],"collection":[{"href":"https:\/\/www.solution-informatique.lu\/index.php?rest_route=\/wp\/v2\/pages"}],"about":[{"href":"https:\/\/www.solution-informatique.lu\/index.php?rest_route=\/wp\/v2\/types\/page"}],"author":[{"embeddable":true,"href":"https:\/\/www.solution-informatique.lu\/index.php?rest_route=\/wp\/v2\/users\/1"}],"replies":[{"embeddable":true,"href":"https:\/\/www.solution-informatique.lu\/index.php?rest_route=%2Fwp%2Fv2%2Fcomments&post=111"}],"version-history":[{"count":2,"href":"https:\/\/www.solution-informatique.lu\/index.php?rest_route=\/wp\/v2\/pages\/111\/revisions"}],"predecessor-version":[{"id":113,"href":"https:\/\/www.solution-informatique.lu\/index.php?rest_route=\/wp\/v2\/pages\/111\/revisions\/113"}],"up":[{"embeddable":true,"href":"https:\/\/www.solution-informatique.lu\/index.php?rest_route=\/wp\/v2\/pages\/45"}],"wp:attachment":[{"href":"https:\/\/www.solution-informatique.lu\/index.php?rest_route=%2Fwp%2Fv2%2Fmedia&parent=111"}],"curies":[{"name":"wp","href":"https:\/\/api.w.org\/{rel}","templated":true}]}}