{"id":115,"date":"2015-03-05T06:06:37","date_gmt":"2015-03-05T06:06:37","guid":{"rendered":"http:\/\/www.solution-informatique.lu\/?page_id=115"},"modified":"2015-03-05T06:06:37","modified_gmt":"2015-03-05T06:06:37","slug":"ige-maison-relais","status":"publish","type":"page","link":"https:\/\/www.solution-informatique.lu\/?page_id=115","title":{"rendered":"IGE-Maison Relais"},"content":{"rendered":"<p>Suite \u00e0 la grande demande des administrations communales et associations, la Solution Informatique a d\u00e9velopp\u00e9 un logiciel ayant pour but la gestion facile et conviviale des diff\u00e9rentes \u00ab Maisons Relais \u00bb.<\/p>\n<p>IGE-Maison Relais permet aux utilisateurs entre autre :<\/p>\n<ul>\n<li>La gestion des clients (Signal\u00e9tique, Adresse, Tuteur\u2026.)<\/li>\n<li>La gestion des pr\u00e9sences pour les diff\u00e9rents services (Accueil, Restauration, Activit\u00e9s, Vacances\u2026)<\/li>\n<li>Exportation des donn\u00e9es de facturation<\/li>\n<li>Impression diff\u00e9rentes listes (par groupes, par activit\u00e9s, par b\u00e2timents\u2026)<\/li>\n<li>Impression des \u00e9tiquettes (par groupes, par activit\u00e9s, par b\u00e2timents\u2026.)<\/li>\n<li>Cr\u00e9ation automatique du fichier des prestations destin\u00e9 au syst\u00e8me Ch\u00e8que-Service Accueil qui se t\u00e9l\u00e9charge directement sur le site http:\/\/www.cheque-service.lu\/.<\/li>\n<li>&#8230;<\/li>\n<\/ul>\n<p>Afin de connaitre toutes les performantes fonctionnalit\u00e9s du logiciel, n\u2019h\u00e9sitez pas \u00e0 nous contacter pour une \u00e9ventuelle d\u00e9monstration gratuite du logiciel sur votre site.<\/p>\n<p>Finalement on doit pr\u00e9ciser que les diff\u00e9rentes licences seront gratuites et juste un contrat de maintenance annuel devra \u00eatre pay\u00e9.<\/p>\n","protected":false},"excerpt":{"rendered":"<p>Suite \u00e0 la grande demande des administrations communales et associations, la Solution Informatique a d\u00e9velopp\u00e9 un logiciel ayant pour but la gestion facile et conviviale des diff\u00e9rentes \u00ab Maisons Relais \u00bb. IGE-Maison Relais permet aux utilisateurs entre autre : La gestion des clients (Signal\u00e9tique, Adresse, Tuteur\u2026.) La gestion des pr\u00e9sences pour les diff\u00e9rents services (Accueil, [&hellip;]<\/p>\n","protected":false},"author":1,"featured_media":0,"parent":45,"menu_order":0,"comment_status":"closed","ping_status":"closed","template":"","meta":{"_et_pb_use_builder":"","_et_pb_old_content":"","_et_gb_content_width":"","footnotes":"","_links_to":"","_links_to_target":""},"class_list":["post-115","page","type-page","status-publish","hentry"],"_links":{"self":[{"href":"https:\/\/www.solution-informatique.lu\/index.php?rest_route=\/wp\/v2\/pages\/115","targetHints":{"allow":["GET"]}}],"collection":[{"href":"https:\/\/www.solution-informatique.lu\/index.php?rest_route=\/wp\/v2\/pages"}],"about":[{"href":"https:\/\/www.solution-informatique.lu\/index.php?rest_route=\/wp\/v2\/types\/page"}],"author":[{"embeddable":true,"href":"https:\/\/www.solution-informatique.lu\/index.php?rest_route=\/wp\/v2\/users\/1"}],"replies":[{"embeddable":true,"href":"https:\/\/www.solution-informatique.lu\/index.php?rest_route=%2Fwp%2Fv2%2Fcomments&post=115"}],"version-history":[{"count":1,"href":"https:\/\/www.solution-informatique.lu\/index.php?rest_route=\/wp\/v2\/pages\/115\/revisions"}],"predecessor-version":[{"id":116,"href":"https:\/\/www.solution-informatique.lu\/index.php?rest_route=\/wp\/v2\/pages\/115\/revisions\/116"}],"up":[{"embeddable":true,"href":"https:\/\/www.solution-informatique.lu\/index.php?rest_route=\/wp\/v2\/pages\/45"}],"wp:attachment":[{"href":"https:\/\/www.solution-informatique.lu\/index.php?rest_route=%2Fwp%2Fv2%2Fmedia&parent=115"}],"curies":[{"name":"wp","href":"https:\/\/api.w.org\/{rel}","templated":true}]}}