{"id":118,"date":"2015-03-05T06:21:38","date_gmt":"2015-03-05T06:21:38","guid":{"rendered":"http:\/\/www.solution-informatique.lu\/?page_id=118"},"modified":"2015-03-06T06:26:02","modified_gmt":"2015-03-06T06:26:02","slug":"db-gestion-rues","status":"publish","type":"page","link":"https:\/\/www.solution-informatique.lu\/?page_id=118","title":{"rendered":"DB Gestion Rues"},"content":{"rendered":"<p>&#8220;DB Gestion Rues&#8221; n&#8217;est pas un logiciel mais une base de donn\u00e9es en format MYSQL, ACCESS, EXCEL, MSSQL avec toutes les rues officielles au Luxembourg.<\/p>\n<p>Cette base est gestionn\u00e9e par la Solution Informatique et apr\u00e8s chaque modification une mise \u00e0 jour sera publi\u00e9e sur notre site Internet. Le but est d&#8217;avoir une base de donn\u00e9es uniforme pour tous nos logiciels qui font r\u00e9f\u00e9rence \u00e0 des adresses luxembourgeoises.<\/p>\n<p>La base de donn\u00e9es des rues pourra \u00eatre int\u00e9gr\u00e9e dans vos logiciels par une importation\/syncronisation.<\/p>\n<p><strong>Prix: 125 \u20ac \/ HT par ann\u00e9e<\/strong><\/p>\n","protected":false},"excerpt":{"rendered":"<p>&#8220;DB Gestion Rues&#8221; n&#8217;est pas un logiciel mais une base de donn\u00e9es en format MYSQL, ACCESS, EXCEL, MSSQL avec toutes les rues officielles au Luxembourg. Cette base est gestionn\u00e9e par la Solution Informatique et apr\u00e8s chaque modification une mise \u00e0 jour sera publi\u00e9e sur notre site Internet. Le but est d&#8217;avoir une base de donn\u00e9es [&hellip;]<\/p>\n","protected":false},"author":1,"featured_media":0,"parent":45,"menu_order":0,"comment_status":"closed","ping_status":"closed","template":"","meta":{"_et_pb_use_builder":"","_et_pb_old_content":"","_et_gb_content_width":"","footnotes":"","_links_to":"","_links_to_target":""},"class_list":["post-118","page","type-page","status-publish","hentry"],"_links":{"self":[{"href":"https:\/\/www.solution-informatique.lu\/index.php?rest_route=\/wp\/v2\/pages\/118","targetHints":{"allow":["GET"]}}],"collection":[{"href":"https:\/\/www.solution-informatique.lu\/index.php?rest_route=\/wp\/v2\/pages"}],"about":[{"href":"https:\/\/www.solution-informatique.lu\/index.php?rest_route=\/wp\/v2\/types\/page"}],"author":[{"embeddable":true,"href":"https:\/\/www.solution-informatique.lu\/index.php?rest_route=\/wp\/v2\/users\/1"}],"replies":[{"embeddable":true,"href":"https:\/\/www.solution-informatique.lu\/index.php?rest_route=%2Fwp%2Fv2%2Fcomments&post=118"}],"version-history":[{"count":3,"href":"https:\/\/www.solution-informatique.lu\/index.php?rest_route=\/wp\/v2\/pages\/118\/revisions"}],"predecessor-version":[{"id":179,"href":"https:\/\/www.solution-informatique.lu\/index.php?rest_route=\/wp\/v2\/pages\/118\/revisions\/179"}],"up":[{"embeddable":true,"href":"https:\/\/www.solution-informatique.lu\/index.php?rest_route=\/wp\/v2\/pages\/45"}],"wp:attachment":[{"href":"https:\/\/www.solution-informatique.lu\/index.php?rest_route=%2Fwp%2Fv2%2Fmedia&parent=118"}],"curies":[{"name":"wp","href":"https:\/\/api.w.org\/{rel}","templated":true}]}}