{"id":126,"date":"2015-03-05T06:29:28","date_gmt":"2015-03-05T06:29:28","guid":{"rendered":"http:\/\/www.solution-informatique.lu\/?page_id=126"},"modified":"2025-06-18T10:05:19","modified_gmt":"2025-06-18T08:05:19","slug":"administrations-communales","status":"publish","type":"page","link":"https:\/\/www.solution-informatique.lu\/?page_id=126","title":{"rendered":"Administrations Communales"},"content":{"rendered":"<p>Suite \u00e0 la grande demande des administrations communales, la Solution Informatique a d\u00e9velopp\u00e9 \/ est en train de d\u00e9velopper \/ les logiciels suivants:<\/p>\n<ul>\n<li>Gestion Autorisations disponible<\/li>\n<li>IGE-Maison Relais, disponible<\/li>\n<li>Gestion Projets\/Chantiers, disponible<\/li>\n<li>Gestion Cimeti\u00e8res, disponible<\/li>\n<li>Gestion Circulation, disponible<\/li>\n<li>Gestion PAP, disponible<\/li>\n<li>Gestion Commodo, disponible<\/li>\n<li>Gestion Femmes de charges, disponible<\/li>\n<li>Gestion Bons de commande, disponible<\/li>\n<li>Gestion Certificas Notaires, en cours de d\u00e9veloppement<\/li>\n<\/ul>\n<hr \/>\n<p><strong>Carte de nos r\u00e9f\u00e9rences<\/strong><\/p>\n<p><img loading=\"lazy\" decoding=\"async\" class=\"alignnone size-full wp-image-1281\" src=\"https:\/\/www.solution-informatique.lu\/wp-content\/uploads\/2025\/06\/NouvelleCarteClients2025_kleng-scaled.jpg\" alt=\"\" width=\"1782\" height=\"2560\" srcset=\"https:\/\/www.solution-informatique.lu\/wp-content\/uploads\/2025\/06\/NouvelleCarteClients2025_kleng-scaled.jpg 1782w, https:\/\/www.solution-informatique.lu\/wp-content\/uploads\/2025\/06\/NouvelleCarteClients2025_kleng-1280x1839.jpg 1280w, https:\/\/www.solution-informatique.lu\/wp-content\/uploads\/2025\/06\/NouvelleCarteClients2025_kleng-980x1408.jpg 980w, https:\/\/www.solution-informatique.lu\/wp-content\/uploads\/2025\/06\/NouvelleCarteClients2025_kleng-480x690.jpg 480w\" sizes=\"(min-width: 0px) and (max-width: 480px) 480px, (min-width: 481px) and (max-width: 980px) 980px, (min-width: 981px) and (max-width: 1280px) 1280px, (min-width: 1281px) 1782px, 100vw\" \/><\/p>\n<p>&nbsp;<\/p>\n<p><strong>Inscrivez-vous \u00e0 notre <a href=\"https:\/\/67079052.sibforms.com\/serve\/MUIFAMoDcQ_8IWvf9ycaTh0_Pu6qySLeiO4c72G10IH3pIQ4FwdIsGJMF5a8tQe5mwZdEoYCtSBNv_0GKOgaO90_HdEN7Y1Tfe2tMHFu5tQ2i9mXq4GyBLHRwB757lRd36_jdjSWvTs9GkCDSEfNobsuCHq6Q5oNAhxAk3ARjJ_iijWx4807EEXNS_K_cZYcHXTPXsmi963dG7rk\" target=\"_blank\" rel=\"noopener\">&#8220;GemengeNewsLetter&#8221;<\/a><\/strong><\/p>\n","protected":false},"excerpt":{"rendered":"<p>Suite \u00e0 la grande demande des administrations communales, la Solution Informatique a d\u00e9velopp\u00e9 \/ est en train de d\u00e9velopper \/ les logiciels suivants: Gestion Autorisations disponible IGE-Maison Relais, disponible Gestion Projets\/Chantiers, disponible Gestion Cimeti\u00e8res, disponible Gestion Circulation, disponible Gestion PAP, disponible Gestion Commodo, disponible Gestion Femmes de charges, disponible Gestion Bons de commande, disponible Gestion [&hellip;]<\/p>\n","protected":false},"author":1,"featured_media":0,"parent":45,"menu_order":0,"comment_status":"closed","ping_status":"closed","template":"","meta":{"_et_pb_use_builder":"","_et_pb_old_content":"","_et_gb_content_width":"","footnotes":"","_links_to":"","_links_to_target":""},"class_list":["post-126","page","type-page","status-publish","hentry"],"_links":{"self":[{"href":"https:\/\/www.solution-informatique.lu\/index.php?rest_route=\/wp\/v2\/pages\/126","targetHints":{"allow":["GET"]}}],"collection":[{"href":"https:\/\/www.solution-informatique.lu\/index.php?rest_route=\/wp\/v2\/pages"}],"about":[{"href":"https:\/\/www.solution-informatique.lu\/index.php?rest_route=\/wp\/v2\/types\/page"}],"author":[{"embeddable":true,"href":"https:\/\/www.solution-informatique.lu\/index.php?rest_route=\/wp\/v2\/users\/1"}],"replies":[{"embeddable":true,"href":"https:\/\/www.solution-informatique.lu\/index.php?rest_route=%2Fwp%2Fv2%2Fcomments&post=126"}],"version-history":[{"count":43,"href":"https:\/\/www.solution-informatique.lu\/index.php?rest_route=\/wp\/v2\/pages\/126\/revisions"}],"predecessor-version":[{"id":1282,"href":"https:\/\/www.solution-informatique.lu\/index.php?rest_route=\/wp\/v2\/pages\/126\/revisions\/1282"}],"up":[{"embeddable":true,"href":"https:\/\/www.solution-informatique.lu\/index.php?rest_route=\/wp\/v2\/pages\/45"}],"wp:attachment":[{"href":"https:\/\/www.solution-informatique.lu\/index.php?rest_route=%2Fwp%2Fv2%2Fmedia&parent=126"}],"curies":[{"name":"wp","href":"https:\/\/api.w.org\/{rel}","templated":true}]}}