{"id":138,"date":"2015-03-05T06:42:49","date_gmt":"2015-03-05T06:42:49","guid":{"rendered":"http:\/\/www.solution-informatique.lu\/?page_id=138"},"modified":"2024-04-05T07:38:31","modified_gmt":"2024-04-05T05:38:31","slug":"gestion-des-autorisations","status":"publish","type":"page","link":"https:\/\/www.solution-informatique.lu\/?page_id=138","title":{"rendered":"Gestion des Autorisations"},"content":{"rendered":"<p>Le programme &#8220;Gestion des Autorisations&#8221; ou &#8220;Gestion B\u00e2tisse&#8221; vous permet une gestion efficace des diff\u00e9rentes autorisations de b\u00e2tir.<\/p>\n<p>Les principales fonctionnalit\u00e9s du programme sont:<\/p>\n<ul>\n<li>La gestion facile et conviviale des diff\u00e9rentes demandes.<\/li>\n<li>La recherche d&#8217;une autorisation par le nom, num\u00e9ro,&#8230;.<\/li>\n<li>L&#8217;impression des divers rapports demand\u00e9s par les administrations.<\/li>\n<li>Statistiques mensuelles des autorisations de b\u00e2tir pour le Statec (L&#8217;institut National de Statistique du Luxembourg)<\/li>\n<li>Relev\u00e9 pour l&#8217;Administration des Contributions (Services des Evaluations Immobili\u00e8res- S.E.V.I)<\/li>\n<li>Relev\u00e9 pour le cadastre<\/li>\n<li>L&#8217;impression d&#8217;une lettre d&#8217;autorisation pour le demandeur, architecte ou pour la co-propri\u00e9t\u00e9<\/li>\n<li>L&#8217;impression du &#8220;point rouge&#8221;, certificat de construction<\/li>\n<li>L&#8217;impression de diff\u00e9rents relev\u00e9s. (Autoris\u00e9, Refus\u00e9, &#8230;).<\/li>\n<li>Les impressions sont adaptables selon vos besoins.<\/li>\n<li>La gestion des conditions sp\u00e9ciales et\/ou g\u00e9n\u00e9rales par autorisation.<\/li>\n<li>Gestion des documents (Word, Excel, Autocad, Pdf, &#8230;) par demande<\/li>\n<li>Gestion des commissions de b\u00e2tisses<\/li>\n<li>Rapports des commissions<\/li>\n<li>Suivis des commissions et rapports<\/li>\n<li>Gestion des pr\u00e9sences dans les commissions des b\u00e2tisses<\/li>\n<li>Gestion des constructions<\/li>\n<li>Echanges des donn\u00e9es avec diff\u00e9rents logiciels GIS (Luxplan, Trigis, Esri, Luxcad, &#8230;)<\/li>\n<li>Liaison directe via API au GEOPORTAIL<\/li>\n<li>Gestion des rapports chantiers<\/li>\n<li>Gestion des lettres en relation avec une demande d&#8217;autorisation<\/li>\n<li>Int\u00e9gration automatique des documents (QR-Management)<\/li>\n<li>&#8230;..<\/li>\n<\/ul>\n<p><a href=\"https:\/\/www.solution-informatique.lu\/wp-content\/uploads\/2015\/03\/Made-in-Luxembourg-transparent.png\"><img loading=\"lazy\" decoding=\"async\" class=\" wp-image-272 aligncenter\" src=\"https:\/\/www.solution-informatique.lu\/wp-content\/uploads\/2015\/03\/Made-in-Luxembourg-transparent.png\" alt=\"Made in Luxembourg transparent\" width=\"127\" height=\"100\" \/><\/a><\/p>\n<p>Exemples publications listings<\/p>\n<p>Autorisations &#8211; Points rouges<\/p>\n<p><a href=\"https:\/\/public.autorisations.lu:8651\/sharing\/rGS2SyQ6y\" target=\"_blank\" rel=\"noopener\">Listing Certificats\/Autorisations<\/a><\/p>\n<p>Avis au public<\/p>\n<p><a href=\"https:\/\/public.autorisations.lu:8651\/sharing\/gg3ihrhtD\" target=\"_blank\" rel=\"noopener\">Listing des avis au public<\/a><\/p>\n<p><a href=\"https:\/\/utyupdate.synology.com\/getUpdate\/?identify=ChatClient&amp;os=Windows&amp;type=Installer\">Team Chat<\/a><\/p>\n<p>&nbsp;<\/p>\n","protected":false},"excerpt":{"rendered":"<p>Le programme &#8220;Gestion des Autorisations&#8221; ou &#8220;Gestion B\u00e2tisse&#8221; vous permet une gestion efficace des diff\u00e9rentes autorisations de b\u00e2tir. Les principales fonctionnalit\u00e9s du programme sont: La gestion facile et conviviale des diff\u00e9rentes demandes. La recherche d&#8217;une autorisation par le nom, num\u00e9ro,&#8230;. L&#8217;impression des divers rapports demand\u00e9s par les administrations. Statistiques mensuelles des autorisations de b\u00e2tir pour [&hellip;]<\/p>\n","protected":false},"author":1,"featured_media":0,"parent":126,"menu_order":0,"comment_status":"closed","ping_status":"closed","template":"","meta":{"_et_pb_use_builder":"","_et_pb_old_content":"","_et_gb_content_width":"","footnotes":"","_links_to":"","_links_to_target":""},"class_list":["post-138","page","type-page","status-publish","hentry"],"_links":{"self":[{"href":"https:\/\/www.solution-informatique.lu\/index.php?rest_route=\/wp\/v2\/pages\/138","targetHints":{"allow":["GET"]}}],"collection":[{"href":"https:\/\/www.solution-informatique.lu\/index.php?rest_route=\/wp\/v2\/pages"}],"about":[{"href":"https:\/\/www.solution-informatique.lu\/index.php?rest_route=\/wp\/v2\/types\/page"}],"author":[{"embeddable":true,"href":"https:\/\/www.solution-informatique.lu\/index.php?rest_route=\/wp\/v2\/users\/1"}],"replies":[{"embeddable":true,"href":"https:\/\/www.solution-informatique.lu\/index.php?rest_route=%2Fwp%2Fv2%2Fcomments&post=138"}],"version-history":[{"count":15,"href":"https:\/\/www.solution-informatique.lu\/index.php?rest_route=\/wp\/v2\/pages\/138\/revisions"}],"predecessor-version":[{"id":1211,"href":"https:\/\/www.solution-informatique.lu\/index.php?rest_route=\/wp\/v2\/pages\/138\/revisions\/1211"}],"up":[{"embeddable":true,"href":"https:\/\/www.solution-informatique.lu\/index.php?rest_route=\/wp\/v2\/pages\/126"}],"wp:attachment":[{"href":"https:\/\/www.solution-informatique.lu\/index.php?rest_route=%2Fwp%2Fv2%2Fmedia&parent=138"}],"curies":[{"name":"wp","href":"https:\/\/api.w.org\/{rel}","templated":true}]}}