{"id":248,"date":"2015-03-09T08:36:17","date_gmt":"2015-03-09T08:36:17","guid":{"rendered":"http:\/\/www.solution-informatique.lu\/?page_id=248"},"modified":"2020-12-24T08:46:10","modified_gmt":"2020-12-24T07:46:10","slug":"gestion-cimetieres-2","status":"publish","type":"page","link":"https:\/\/www.solution-informatique.lu\/?page_id=248","title":{"rendered":"Gestion Cimeti\u00e8res"},"content":{"rendered":"<p>Le logiciel &#8220;Gestion Cimeti\u00e8res&#8221; vous permet de faire une gestion facile des concessions fun\u00e9raires et bien plus encore&#8230;.<\/p>\n<ul>\n<li>Gestion des autorisations dans les concessions<\/li>\n<li>Gestion des autorisations de modifiations<\/li>\n<li>Gestion des places<\/li>\n<li>Gestion des concessions<\/li>\n<li>Gestion des terme de concessions<\/li>\n<li>Affichage des plans du\/des cimeti\u00e8re(s)<\/li>\n<li>&#8230;<\/li>\n<\/ul>\n<p>&nbsp;<\/p>\n","protected":false},"excerpt":{"rendered":"<p>Le logiciel &#8220;Gestion Cimeti\u00e8res&#8221; vous permet de faire une gestion facile des concessions fun\u00e9raires et bien plus encore&#8230;. Gestion des autorisations dans les concessions Gestion des autorisations de modifiations Gestion des places Gestion des concessions Gestion des terme de concessions Affichage des plans du\/des cimeti\u00e8re(s) &#8230; &nbsp;<\/p>\n","protected":false},"author":1,"featured_media":0,"parent":126,"menu_order":0,"comment_status":"closed","ping_status":"closed","template":"","meta":{"_et_pb_use_builder":"","_et_pb_old_content":"","_et_gb_content_width":"","footnotes":"","_links_to":"","_links_to_target":""},"class_list":["post-248","page","type-page","status-publish","hentry"],"_links":{"self":[{"href":"https:\/\/www.solution-informatique.lu\/index.php?rest_route=\/wp\/v2\/pages\/248","targetHints":{"allow":["GET"]}}],"collection":[{"href":"https:\/\/www.solution-informatique.lu\/index.php?rest_route=\/wp\/v2\/pages"}],"about":[{"href":"https:\/\/www.solution-informatique.lu\/index.php?rest_route=\/wp\/v2\/types\/page"}],"author":[{"embeddable":true,"href":"https:\/\/www.solution-informatique.lu\/index.php?rest_route=\/wp\/v2\/users\/1"}],"replies":[{"embeddable":true,"href":"https:\/\/www.solution-informatique.lu\/index.php?rest_route=%2Fwp%2Fv2%2Fcomments&post=248"}],"version-history":[{"count":7,"href":"https:\/\/www.solution-informatique.lu\/index.php?rest_route=\/wp\/v2\/pages\/248\/revisions"}],"predecessor-version":[{"id":966,"href":"https:\/\/www.solution-informatique.lu\/index.php?rest_route=\/wp\/v2\/pages\/248\/revisions\/966"}],"up":[{"embeddable":true,"href":"https:\/\/www.solution-informatique.lu\/index.php?rest_route=\/wp\/v2\/pages\/126"}],"wp:attachment":[{"href":"https:\/\/www.solution-informatique.lu\/index.php?rest_route=%2Fwp%2Fv2%2Fmedia&parent=248"}],"curies":[{"name":"wp","href":"https:\/\/api.w.org\/{rel}","templated":true}]}}