{"id":307,"date":"2015-04-16T07:21:03","date_gmt":"2015-04-16T06:21:03","guid":{"rendered":"http:\/\/www.solution-informatique.lu\/?page_id=307"},"modified":"2020-12-24T08:50:54","modified_gmt":"2020-12-24T07:50:54","slug":"qr-management","status":"publish","type":"page","link":"https:\/\/www.solution-informatique.lu\/?page_id=307","title":{"rendered":"QR-Management"},"content":{"rendered":"<p>Notre logiciel &#8220;QR-Management&#8221; permet de scanner et de sauvegarder automatiquement, sans intervention de l&#8217;utilisateur, les documents dans des r\u00e9pertoires sp\u00e9cifiques.<\/p>\n<p>A l&#8217;aide d&#8217;un param\u00e8trage, le logiciel pourra s&#8217;int\u00e9grer dans tous nos logiciels et assurera un gain de temps \u00e9norme au niveau de la gestion des documents.<\/p>\n<p>Exemple &#8211; Logiciel &#8211; Gestion des Autorisations<\/p>\n<p><a href=\"https:\/\/www.solution-informatique.lu\/wp-content\/uploads\/2015\/04\/QR-Management.jpg\"><img loading=\"lazy\" decoding=\"async\" class=\" wp-image-312 aligncenter\" src=\"https:\/\/www.solution-informatique.lu\/wp-content\/uploads\/2015\/04\/QR-Management-266x300.jpg\" alt=\"QR-Management\" width=\"301\" height=\"339\" srcset=\"https:\/\/www.solution-informatique.lu\/wp-content\/uploads\/2015\/04\/QR-Management-266x300.jpg 266w, https:\/\/www.solution-informatique.lu\/wp-content\/uploads\/2015\/04\/QR-Management.jpg 487w\" sizes=\"(max-width: 301px) 100vw, 301px\" \/><\/a><\/p>\n","protected":false},"excerpt":{"rendered":"<p>Notre logiciel &#8220;QR-Management&#8221; permet de scanner et de sauvegarder automatiquement, sans intervention de l&#8217;utilisateur, les documents dans des r\u00e9pertoires sp\u00e9cifiques. A l&#8217;aide d&#8217;un param\u00e8trage, le logiciel pourra s&#8217;int\u00e9grer dans tous nos logiciels et assurera un gain de temps \u00e9norme au niveau de la gestion des documents. Exemple &#8211; Logiciel &#8211; Gestion des Autorisations<\/p>\n","protected":false},"author":1,"featured_media":0,"parent":126,"menu_order":0,"comment_status":"closed","ping_status":"closed","template":"","meta":{"_et_pb_use_builder":"","_et_pb_old_content":"","_et_gb_content_width":"","footnotes":"","_links_to":"","_links_to_target":""},"class_list":["post-307","page","type-page","status-publish","hentry"],"_links":{"self":[{"href":"https:\/\/www.solution-informatique.lu\/index.php?rest_route=\/wp\/v2\/pages\/307","targetHints":{"allow":["GET"]}}],"collection":[{"href":"https:\/\/www.solution-informatique.lu\/index.php?rest_route=\/wp\/v2\/pages"}],"about":[{"href":"https:\/\/www.solution-informatique.lu\/index.php?rest_route=\/wp\/v2\/types\/page"}],"author":[{"embeddable":true,"href":"https:\/\/www.solution-informatique.lu\/index.php?rest_route=\/wp\/v2\/users\/1"}],"replies":[{"embeddable":true,"href":"https:\/\/www.solution-informatique.lu\/index.php?rest_route=%2Fwp%2Fv2%2Fcomments&post=307"}],"version-history":[{"count":7,"href":"https:\/\/www.solution-informatique.lu\/index.php?rest_route=\/wp\/v2\/pages\/307\/revisions"}],"predecessor-version":[{"id":969,"href":"https:\/\/www.solution-informatique.lu\/index.php?rest_route=\/wp\/v2\/pages\/307\/revisions\/969"}],"up":[{"embeddable":true,"href":"https:\/\/www.solution-informatique.lu\/index.php?rest_route=\/wp\/v2\/pages\/126"}],"wp:attachment":[{"href":"https:\/\/www.solution-informatique.lu\/index.php?rest_route=%2Fwp%2Fv2%2Fmedia&parent=307"}],"curies":[{"name":"wp","href":"https:\/\/api.w.org\/{rel}","templated":true}]}}