{"id":317,"date":"2015-04-16T08:52:41","date_gmt":"2015-04-16T07:52:41","guid":{"rendered":"http:\/\/www.solution-informatique.lu\/?page_id=317"},"modified":"2020-12-24T08:41:40","modified_gmt":"2020-12-24T07:41:40","slug":"liaison-avec-systeme-gis","status":"publish","type":"page","link":"https:\/\/www.solution-informatique.lu\/?page_id=317","title":{"rendered":"Liaison avec Syst\u00e8me GIS"},"content":{"rendered":"<p>Ce module permet de syncroniser les donn\u00e9es du logiciel &#8220;Gestion Autorisations&#8221; avec diff\u00e9rents syst\u00e8mes GIS (Syst\u00e8me d&#8217;information g\u00e9ographique):<\/p>\n<ul>\n<li>SIGCom (<a href=\"http:\/\/www.luxplan.lu\/syst%C3%A8me-dinformation-g%C3%A9ographique-sigcom\" target=\"_blank\" rel=\"noopener\">Soci\u00e9t\u00e9 Luxplan<\/a>)<\/li>\n<li>ESRI BeLux (<a href=\"http:\/\/www.esribelux.com\/\" target=\"_blank\" rel=\"noopener\">Soci\u00e9t\u00e9 Esri BeLux<\/a>)<\/li>\n<li>GIS &amp; CAD (<a href=\"http:\/\/www.luxcad.com\/en\/nos-metiers\/sig-cao.html\" target=\"_blank\" rel=\"noopener\">Soci\u00e9t\u00e9 Luxcad<\/a>)<\/li>\n<\/ul>\n<p>Cette syncronisation se fera sans intervention d&#8217;un utilisateur!<\/p>\n","protected":false},"excerpt":{"rendered":"<p>Ce module permet de syncroniser les donn\u00e9es du logiciel &#8220;Gestion Autorisations&#8221; avec diff\u00e9rents syst\u00e8mes GIS (Syst\u00e8me d&#8217;information g\u00e9ographique): SIGCom (Soci\u00e9t\u00e9 Luxplan) ESRI BeLux (Soci\u00e9t\u00e9 Esri BeLux) GIS &amp; CAD (Soci\u00e9t\u00e9 Luxcad) Cette syncronisation se fera sans intervention d&#8217;un utilisateur!<\/p>\n","protected":false},"author":1,"featured_media":0,"parent":138,"menu_order":0,"comment_status":"closed","ping_status":"closed","template":"","meta":{"_et_pb_use_builder":"","_et_pb_old_content":"","_et_gb_content_width":"","footnotes":"","_links_to":"","_links_to_target":""},"class_list":["post-317","page","type-page","status-publish","hentry"],"_links":{"self":[{"href":"https:\/\/www.solution-informatique.lu\/index.php?rest_route=\/wp\/v2\/pages\/317","targetHints":{"allow":["GET"]}}],"collection":[{"href":"https:\/\/www.solution-informatique.lu\/index.php?rest_route=\/wp\/v2\/pages"}],"about":[{"href":"https:\/\/www.solution-informatique.lu\/index.php?rest_route=\/wp\/v2\/types\/page"}],"author":[{"embeddable":true,"href":"https:\/\/www.solution-informatique.lu\/index.php?rest_route=\/wp\/v2\/users\/1"}],"replies":[{"embeddable":true,"href":"https:\/\/www.solution-informatique.lu\/index.php?rest_route=%2Fwp%2Fv2%2Fcomments&post=317"}],"version-history":[{"count":5,"href":"https:\/\/www.solution-informatique.lu\/index.php?rest_route=\/wp\/v2\/pages\/317\/revisions"}],"predecessor-version":[{"id":962,"href":"https:\/\/www.solution-informatique.lu\/index.php?rest_route=\/wp\/v2\/pages\/317\/revisions\/962"}],"up":[{"embeddable":true,"href":"https:\/\/www.solution-informatique.lu\/index.php?rest_route=\/wp\/v2\/pages\/138"}],"wp:attachment":[{"href":"https:\/\/www.solution-informatique.lu\/index.php?rest_route=%2Fwp%2Fv2%2Fmedia&parent=317"}],"curies":[{"name":"wp","href":"https:\/\/api.w.org\/{rel}","templated":true}]}}