{"id":323,"date":"2015-04-16T09:04:11","date_gmt":"2015-04-16T08:04:11","guid":{"rendered":"http:\/\/www.solution-informatique.lu\/?page_id=323"},"modified":"2015-04-16T10:12:30","modified_gmt":"2015-04-16T09:12:30","slug":"liaison-avec-systeme-gis","status":"publish","type":"page","link":"https:\/\/www.solution-informatique.lu\/?page_id=323","title":{"rendered":"Liaison avec Syst\u00e8me GIS"},"content":{"rendered":"<p>Ce module permet de syncroniser les donn\u00e9es du logiciel \u00ab\u00a0Gestion Cimeti\u00e8res \u00bb avec diff\u00e9rents syst\u00e8mes GIS (Syst\u00e8me d\u2019information g\u00e9ographique):<\/p>\n<ul>\n<li>SIGCom (<a href=\"http:\/\/www.luxplan.lu\/syst%C3%A8me-dinformation-g%C3%A9ographique-sigcom\" target=\"_blank\">Soci\u00e9t\u00e9 Luxplan<\/a>)<\/li>\n<li>ESRI BeLux (<a href=\"http:\/\/www.esribelux.com\/\" target=\"_blank\">Soci\u00e9t\u00e9 Esri BeLux<\/a>)<\/li>\n<li>GIS &amp; CAD (<a href=\"http:\/\/www.luxcad.com\/en\/nos-metiers\/sig-cao.html\" target=\"_blank\">Soci\u00e9t\u00e9 Luxcad<\/a>)<\/li>\n<\/ul>\n<p>Cette syncronisation se fera sans intervention d\u2019un utilisateur!<\/p>\n<p><strong>Les prix:<\/strong><\/p>\n<p>Gestion Cimeti\u00e8res \u2013 ADD-ON GIS: 750 \u20ac \/ HT<br \/>\nContrat de maintenance: 450 \u20ac \/ HT<\/p>\n","protected":false},"excerpt":{"rendered":"<p>Ce module permet de syncroniser les donn\u00e9es du logiciel \u00ab\u00a0Gestion Cimeti\u00e8res \u00bb avec diff\u00e9rents syst\u00e8mes GIS (Syst\u00e8me d\u2019information g\u00e9ographique): SIGCom (Soci\u00e9t\u00e9 Luxplan) ESRI BeLux (Soci\u00e9t\u00e9 Esri BeLux) GIS &amp; CAD (Soci\u00e9t\u00e9 Luxcad) Cette syncronisation se fera sans intervention d\u2019un utilisateur! Les prix: Gestion Cimeti\u00e8res \u2013 ADD-ON GIS: 750 \u20ac \/ HT Contrat de maintenance: 450 [&hellip;]<\/p>\n","protected":false},"author":1,"featured_media":0,"parent":248,"menu_order":0,"comment_status":"closed","ping_status":"closed","template":"","meta":{"_et_pb_use_builder":"","_et_pb_old_content":"","_et_gb_content_width":"","footnotes":"","_links_to":"","_links_to_target":""},"class_list":["post-323","page","type-page","status-publish","hentry"],"_links":{"self":[{"href":"https:\/\/www.solution-informatique.lu\/index.php?rest_route=\/wp\/v2\/pages\/323","targetHints":{"allow":["GET"]}}],"collection":[{"href":"https:\/\/www.solution-informatique.lu\/index.php?rest_route=\/wp\/v2\/pages"}],"about":[{"href":"https:\/\/www.solution-informatique.lu\/index.php?rest_route=\/wp\/v2\/types\/page"}],"author":[{"embeddable":true,"href":"https:\/\/www.solution-informatique.lu\/index.php?rest_route=\/wp\/v2\/users\/1"}],"replies":[{"embeddable":true,"href":"https:\/\/www.solution-informatique.lu\/index.php?rest_route=%2Fwp%2Fv2%2Fcomments&post=323"}],"version-history":[{"count":2,"href":"https:\/\/www.solution-informatique.lu\/index.php?rest_route=\/wp\/v2\/pages\/323\/revisions"}],"predecessor-version":[{"id":326,"href":"https:\/\/www.solution-informatique.lu\/index.php?rest_route=\/wp\/v2\/pages\/323\/revisions\/326"}],"up":[{"embeddable":true,"href":"https:\/\/www.solution-informatique.lu\/index.php?rest_route=\/wp\/v2\/pages\/248"}],"wp:attachment":[{"href":"https:\/\/www.solution-informatique.lu\/index.php?rest_route=%2Fwp%2Fv2%2Fmedia&parent=323"}],"curies":[{"name":"wp","href":"https:\/\/api.w.org\/{rel}","templated":true}]}}