{"id":503,"date":"2017-02-15T07:38:12","date_gmt":"2017-02-15T07:38:12","guid":{"rendered":"http:\/\/www.solution-informatique.lu\/?page_id=503"},"modified":"2017-02-15T07:47:22","modified_gmt":"2017-02-15T07:47:22","slug":"synology","status":"publish","type":"page","link":"https:\/\/www.solution-informatique.lu\/?page_id=503","title":{"rendered":"Synology"},"content":{"rendered":"<p>Apr\u00e8s plusieurs mois de testes et de formation la Solution Informatique est fi\u00e8re d&#8217;\u00eatre le repr\u00e9sentent officiel du mat\u00e9riel Synology.<\/p>\n<p>Pour tous les d\u00e9tails veuillez cliquer sur le lien: <a href=\"https:\/\/www.synology.com\/fr-fr\" target=\"_blank\">https:\/\/www.synology.com\/fr-fr<\/a><\/p>\n<p>En respectant les normes de s\u00e9curit\u00e9s et les recommandations de Synology, la Solution Informatique peut vous proposer les solutions suivantes:<\/p>\n<ul>\n<li>Cr\u00e9ation des solutions &#8220;Backups&#8221; (sauvegarde des donn\u00e9es)<\/li>\n<li>Cr\u00e9ation des Snapshot Replication en temps r\u00e9el<\/li>\n<li>Sauvegarde des donn\u00e9es \u00e0 l&#8217;ext\u00e9rieur du b\u00e2timent<\/li>\n<li>Cr\u00e9ation d&#8217;un syst\u00e8me cloud priv\u00e9<\/li>\n<li>Vid\u00e9osurveillance<\/li>\n<li>etc&#8230;<\/li>\n<\/ul>\n<p>&nbsp;<\/p>\n","protected":false},"excerpt":{"rendered":"<p>Apr\u00e8s plusieurs mois de testes et de formation la Solution Informatique est fi\u00e8re d&#8217;\u00eatre le repr\u00e9sentent officiel du mat\u00e9riel Synology. Pour tous les d\u00e9tails veuillez cliquer sur le lien: https:\/\/www.synology.com\/fr-fr En respectant les normes de s\u00e9curit\u00e9s et les recommandations de Synology, la Solution Informatique peut vous proposer les solutions suivantes: Cr\u00e9ation des solutions &#8220;Backups&#8221; (sauvegarde [&hellip;]<\/p>\n","protected":false},"author":1,"featured_media":0,"parent":0,"menu_order":0,"comment_status":"closed","ping_status":"closed","template":"","meta":{"_et_pb_use_builder":"","_et_pb_old_content":"","_et_gb_content_width":"","footnotes":"","_links_to":"","_links_to_target":""},"class_list":["post-503","page","type-page","status-publish","hentry"],"_links":{"self":[{"href":"https:\/\/www.solution-informatique.lu\/index.php?rest_route=\/wp\/v2\/pages\/503","targetHints":{"allow":["GET"]}}],"collection":[{"href":"https:\/\/www.solution-informatique.lu\/index.php?rest_route=\/wp\/v2\/pages"}],"about":[{"href":"https:\/\/www.solution-informatique.lu\/index.php?rest_route=\/wp\/v2\/types\/page"}],"author":[{"embeddable":true,"href":"https:\/\/www.solution-informatique.lu\/index.php?rest_route=\/wp\/v2\/users\/1"}],"replies":[{"embeddable":true,"href":"https:\/\/www.solution-informatique.lu\/index.php?rest_route=%2Fwp%2Fv2%2Fcomments&post=503"}],"version-history":[{"count":4,"href":"https:\/\/www.solution-informatique.lu\/index.php?rest_route=\/wp\/v2\/pages\/503\/revisions"}],"predecessor-version":[{"id":508,"href":"https:\/\/www.solution-informatique.lu\/index.php?rest_route=\/wp\/v2\/pages\/503\/revisions\/508"}],"wp:attachment":[{"href":"https:\/\/www.solution-informatique.lu\/index.php?rest_route=%2Fwp%2Fv2%2Fmedia&parent=503"}],"curies":[{"name":"wp","href":"https:\/\/api.w.org\/{rel}","templated":true}]}}