{"id":52,"date":"2015-03-04T13:37:42","date_gmt":"2015-03-04T13:37:42","guid":{"rendered":"http:\/\/www.solution-informatique.lu\/?page_id=52"},"modified":"2017-04-26T06:06:12","modified_gmt":"2017-04-26T05:06:12","slug":"nos-services","status":"publish","type":"page","link":"https:\/\/www.solution-informatique.lu\/?page_id=52","title":{"rendered":"Nos Services"},"content":{"rendered":"<p><strong>D\u00e9veloppements sur mesure<\/strong><\/p>\n<p style=\"padding-left: 30px;\">La Solution Informatique s.\u00e0.r.l. vous propose dans ses d\u00e9veloppements logiciels de b\u00e9n\u00e9ficier :<\/p>\n<p style=\"padding-left: 30px;\">d\u2019outils informatiques adapt\u00e9s \u00e0 vos besoins et contraintes\u00a0de ses exp\u00e9riences et de sa connaissance du monde informatique.\u00a0Nous savons concilier vos imp\u00e9ratifs de d\u00e9lais, d\u2019organisation et de co\u00fbts pour vous proposer les solutions, vous garantissant une parfaite rentabilit\u00e9 de vos investissements.<\/p>\n<p style=\"padding-left: 30px;\">L\u2019important savoir-faire que nous avons acquis dans le d\u00e9veloppement d\u2019applications de gestion en environnement Windows et Web constitue une garantie de la parfaite ad\u00e9quation de votre projet \u00e0 vos imp\u00e9ratifs m\u00e9tiers.<\/p>\n<p style=\"padding-left: 30px;\">Quels que soient le ou les objectifs et la finalit\u00e9 de vos projets, nous avons la capacit\u00e9, de mettre en \u0153uvre les solutions tirant le plus grand profit des \u00e9volutions des technologies de l\u2019information pour f\u00e9d\u00e9rer le c\u0153ur d\u2019activit\u00e9 de votre organisation.<\/p>\n<p style=\"padding-left: 30px;\"><strong>Nos \u00e9quipes vous accompagnent \u00e0 toutes les \u00e9tapes du cycle de vie de vos projets :<\/strong><\/p>\n<ul>\n<li>Etude de l\u2019existant<\/li>\n<li>Expression des besoins<\/li>\n<li>Conception et d\u00e9veloppement d\u2019applications<\/li>\n<li>Int\u00e9gration<\/li>\n<li>Mise en production<\/li>\n<li>Transfert de comp\u00e9tences et formation<\/li>\n<li>Assistance aux utilisateurs et Maintenance<\/li>\n<\/ul>\n<p>Nourrie de notre exp\u00e9rience, notre m\u00e9thodologie de gestion de projet vous garantit par ailleurs efficacit\u00e9 et rentabilit\u00e9.<\/p>\n<p style=\"padding-left: 30px;\"><strong>Outils de programmation:<\/strong><\/p>\n<ul>\n<li>Visual Studio .Net (C#, VB.NET, Asp.Net)<\/li>\n<li>WinDev<\/li>\n<li>WebDev<\/li>\n<li>PHP<\/li>\n<li>VB6<\/li>\n<\/ul>\n<p style=\"padding-left: 30px;\"><strong>Base de donn\u00e9es:<\/strong><\/p>\n<ul>\n<li>Microsoft SQL<\/li>\n<li>MS Access<\/li>\n<li>MySql<\/li>\n<li>Oracle<\/li>\n<li>xBase<\/li>\n<li>VistaDB<\/li>\n<\/ul>\n<p><strong>Formations<\/strong><\/p>\n<p><strong>Analyses et conseils<\/strong><\/p>\n<p>L&#8217;Audit informatique<br \/>\nLe syst\u00e8me informatique est de nos jours un des fondements de la strat\u00e9gie organisationnelle et du fonctionnement m\u00eame d&#8217;une entreprise. De sa coh\u00e9rence et de sa performance d\u00e9pend la r\u00e9ussite et la p\u00e9rennit\u00e9 de cette derni\u00e8re.<br \/>\nLa Solution Informatique vous offre la possibilit\u00e9 de mettre en place ou d&#8217;assainir et de structurer cette fonction vitale par le biais d&#8217;une analyse minutieuse de votre outil informatique, effectu\u00e9e par nos sp\u00e9cialistes directement sur site. De cette analyse est tir\u00e9 un diagnostic pr\u00e9cis sur un plan strictement qualitatif quant \u00e0 l&#8217;efficacit\u00e9, l&#8217;adaptabilit\u00e9, la fiabilit\u00e9 et la sinc\u00e9rit\u00e9 de votre syst\u00e8me informatique.<\/p>\n<p>Ce diagnostic est d\u00e8s lors int\u00e9gr\u00e9 dans une analyse plus large ayant pour but de rendre mesurables et lisibles les capacit\u00e9s et les performances du syst\u00e8me ayant cours dans l&#8217;entreprise. Ce diagnostic, fait sans d\u00e9tours et en toute impartialit\u00e9, a pour but de vous permettre de mieux vous conna\u00eetre et d&#8217;identifier votre positionnement par rapport aux exigences de votre environnement \u00e9conomique.<\/p>\n<p>Le conseil informatique<br \/>\nProlongement logique de l&#8217;audit, le conseil informatique est \u00e0 la base de la mise en place d&#8217;une v\u00e9ritable \u00ab strat\u00e9gie informatique \u00bb, fondement de l&#8217;organisation de l&#8217;entreprise dans des domaines aussi divers que le management, la production, la comptabilit\u00e9, le contr\u00f4le de gestion, etc&#8230;<\/p>\n<p>Notre intervention peut s&#8217;effectuer \u00e0 tous les niveaux et quel que soit l&#8217;\u00e9tat et la qualit\u00e9 d&#8217;\u00e9quipement de votre entreprise sur le plan informatique. Un cahier des charges sur mesure tenant compte de vos besoins, de vos forces et faiblesses et de votre capacit\u00e9 financi\u00e8re sera \u00e9tabli de concert avec les sp\u00e9cialistes et les d\u00e9cideurs de votre entreprise.<\/p>\n<p>L&#8217;objectif poursuivi ici est de vous accompagner dans vos choix et de vous \u00e9clairer sur la strat\u00e9gie \u00e0 adopter pour l&#8217;organisation de votre support informatique. Solidement \u00e9quip\u00e9e et compl\u00e8tement s\u00e9curis\u00e9e, votre entreprise pourra se consacrer exclusivement \u00e0 son m\u00e9tier tout en s&#8217;appuyant sur une structure informatique f\u00e9d\u00e9rant et dynamisant l&#8217;apport de chacun de ses collaborateurs.<\/p>\n","protected":false},"excerpt":{"rendered":"<p>D\u00e9veloppements sur mesure La Solution Informatique s.\u00e0.r.l. vous propose dans ses d\u00e9veloppements logiciels de b\u00e9n\u00e9ficier : d\u2019outils informatiques adapt\u00e9s \u00e0 vos besoins et contraintes\u00a0de ses exp\u00e9riences et de sa connaissance du monde informatique.\u00a0Nous savons concilier vos imp\u00e9ratifs de d\u00e9lais, d\u2019organisation et de co\u00fbts pour vous proposer les solutions, vous garantissant une parfaite rentabilit\u00e9 de vos [&hellip;]<\/p>\n","protected":false},"author":1,"featured_media":541,"parent":0,"menu_order":0,"comment_status":"closed","ping_status":"closed","template":"","meta":{"_et_pb_use_builder":"","_et_pb_old_content":"","_et_gb_content_width":"","footnotes":"","_links_to":"","_links_to_target":""},"class_list":["post-52","page","type-page","status-publish","has-post-thumbnail","hentry"],"_links":{"self":[{"href":"https:\/\/www.solution-informatique.lu\/index.php?rest_route=\/wp\/v2\/pages\/52","targetHints":{"allow":["GET"]}}],"collection":[{"href":"https:\/\/www.solution-informatique.lu\/index.php?rest_route=\/wp\/v2\/pages"}],"about":[{"href":"https:\/\/www.solution-informatique.lu\/index.php?rest_route=\/wp\/v2\/types\/page"}],"author":[{"embeddable":true,"href":"https:\/\/www.solution-informatique.lu\/index.php?rest_route=\/wp\/v2\/users\/1"}],"replies":[{"embeddable":true,"href":"https:\/\/www.solution-informatique.lu\/index.php?rest_route=%2Fwp%2Fv2%2Fcomments&post=52"}],"version-history":[{"count":8,"href":"https:\/\/www.solution-informatique.lu\/index.php?rest_route=\/wp\/v2\/pages\/52\/revisions"}],"predecessor-version":[{"id":569,"href":"https:\/\/www.solution-informatique.lu\/index.php?rest_route=\/wp\/v2\/pages\/52\/revisions\/569"}],"wp:featuredmedia":[{"embeddable":true,"href":"https:\/\/www.solution-informatique.lu\/index.php?rest_route=\/wp\/v2\/media\/541"}],"wp:attachment":[{"href":"https:\/\/www.solution-informatique.lu\/index.php?rest_route=%2Fwp%2Fv2%2Fmedia&parent=52"}],"curies":[{"name":"wp","href":"https:\/\/api.w.org\/{rel}","templated":true}]}}