{"id":623,"date":"2018-06-06T08:06:22","date_gmt":"2018-06-06T07:06:22","guid":{"rendered":"http:\/\/www.solution-informatique.lu\/?page_id=623"},"modified":"2020-12-24T10:01:10","modified_gmt":"2020-12-24T09:01:10","slug":"privacy-policy","status":"publish","type":"page","link":"https:\/\/www.solution-informatique.lu\/?page_id=623","title":{"rendered":"Privacy Policy"},"content":{"rendered":"<p><strong>Version du 24.12.2020<\/strong><\/p>\n<p>Les sites www.solution-informatique.lu, www.solinf.lu, *.autorisations.lu ainsi que de fa\u00e7on plus g\u00e9n\u00e9rale les autres sites *.solinf.lu et\/ou *.solution-informatique.lu (ci-apr\u00e8s globalement le \u00ab Site \u00bb) sont des sites d\u2019information g\u00e9n\u00e9rale \u00e9dit\u00e9s par la soci\u00e9t\u00e9 Solution Informatique, soci\u00e9t\u00e9 \u00e0 responsabilit\u00e9 limit\u00e9e dont le si\u00e8ge social est situ\u00e9 \u00e0 L-3446 Dudelange, 20 rue Mathias Cungs , inscrite au registre du commerce et des soci\u00e9t\u00e9s de Luxembourg sous le num\u00e9ro B113014 (ci-apr\u00e8s la \u00ab <strong>SOLINF<\/strong> \u00bb).<\/p>\n<p>Dans le cadre de notre pr\u00e9sence sur les m\u00e9dias sociaux nous vous demandons de consulter les diff\u00e9rents &#8220;Privacy &amp; Terms Policy&#8221; des diff\u00e9rentes soci\u00e9t\u00e9s!<\/p>\n<p>&#8211; Facebook <a href=\"https:\/\/www.facebook.com\/legal\/FB_Work_Privacy\" target=\"_blank\" rel=\"noopener\">https:\/\/www.facebook.com\/legal\/FB_Work_Privacy<\/a><br \/>\n&#8211; Twitter <a href=\"https:\/\/twitter.com\/fr\/privacy\" target=\"_blank\" rel=\"noopener\">https:\/\/twitter.com\/fr\/privacy<\/a><br \/>\n&#8211; Google <a href=\"https:\/\/policies.google.com\/privacy?hl=en&amp;gl=lu\" target=\"_blank\" rel=\"noopener\">https:\/\/policies.google.com\/privacy?hl=en&amp;gl=lu<\/a><\/p>\n<p>Chaque personne (ci-apr\u00e8s d\u00e9nomm\u00e9e l\u2019\u00ab <strong>Utilisateur<\/strong> \u00bb) peut utiliser le(s) Site(s) \u00e0 tout moment sans m\u00eame s&#8217;enregistrer ou s&#8217;inscrire. Dans certains cas, la SOLINF, a cependant besoin d&#8217;obtenir des donn\u00e9es \u00e0 caract\u00e8re personnel concernant l&#8217;Utilisateur (ci-apr\u00e8s les \u00ab <strong>donn\u00e9es<\/strong> \u00bb), afin que la SOLINF puisse lui garantir les services souhait\u00e9s.<\/p>\n<p>Ces <strong>donn\u00e9es<\/strong> sont collect\u00e9es par la <strong>SOLINF<\/strong>. (par E-Mail, Site Internet, par courrier)<br \/>\nLa <strong>SOLINF<\/strong> est le responsable du traitement de donn\u00e9es vous concernant.<\/p>\n<p>Pour mener \u00e0 bien sa mission, la <strong>SOLINF<\/strong> est tenue de collecter certaines <strong>Donn\u00e9es<\/strong>. Selon le type de finalit\u00e9 poursuivie, les <strong>Donn\u00e9es<\/strong> collect\u00e9es sont les suivantes :<\/p>\n<p>Donn\u00e9es de base:<br \/>\n&#8211; Noms<br \/>\n&#8211; Pr\u00e9noms<br \/>\n&#8211; Soci\u00e9t\u00e9 (en cas)<br \/>\n&#8211; Adresse et num\u00e9ro de t\u00e9l\u00e9phone<br \/>\n&#8211; Adresse(s) e-mail<br \/>\n&#8211; Logiciel(s) achet\u00e9(s) aupr\u00e8s la <strong>SOLINF<\/strong><\/p>\n<p>Informations relatives aux moyens de paiement:<br \/>\nn\u00e9ant vu que nous n&#8217;acceptons pas des paiements via notre site internet<\/p>\n<p>Statistiques d&#8217;utilisation:<br \/>\nAinsi que toutes autres informations que nous collectons automatiquement lors de la visite des <strong>utilisateurs<\/strong> sur le Site via les cookies et\/ou trackers.<\/p>\n<p>La <strong>SOLINF<\/strong> garantit \u00e0 l&#8217;<strong>utilisateur<\/strong> que seules sont trait\u00e9es les informations pertinentes, ad\u00e9quates et limit\u00e9es \u00e0 ce qui est n\u00e9cessaire au regard des finalit\u00e9s d\u00e9clar\u00e9es.<br \/>\nBien que rien n&#8217;oblige l\u00e9galement l&#8217;<strong>utilisateur<\/strong> de transmettre ses <strong>donn\u00e9es<\/strong>, la <strong>SOLINF<\/strong> attire toute l&#8217;attention sur le fait qu&#8217;\u00e0 d\u00e9faut, elle sera dans l&#8217;impossibilit\u00e9 de fournir l&#8217;int\u00e9gralit\u00e9 de ses services et notamment d&#8217;adapter ses offres aux besoins de l&#8217;<strong>utilisateur<\/strong> et de lui fournir un service personnalis\u00e9.<\/p>\n<p>Ces <strong>donn\u00e9es<\/strong> sont collect\u00e9es par le biais :<\/p>\n<ul>\n<li>Du formulaire d&#8217;inscription au Site,<\/li>\n<li>Via le Ticket System<\/li>\n<li>De la souscription de l&#8217;Utilisateur \u00e0 des produits et\/ou services,<\/li>\n<li>De cookies et\/ou trackers, dont notamment :<\/li>\n<li>Google Analytics (via Google Tag Manager)<\/li>\n<li>Facebook<\/li>\n<li>Doubleclick<\/li>\n<li>&#8230;.<\/li>\n<\/ul>\n<p>De mani\u00e8re g\u00e9n\u00e9rale, l&#8217;<strong>utilisateur<\/strong> peut configurer son navigateur pour \u00eatre averti des tentatives de mise en place de cookies ou pour limiter le type de cookie qu&#8217;il accepte. Il peut se d\u00e9sinscrire des solutions de tracking publicitaires membres de l&#8217;EDAA (European Interactive Digital Advertising Alliance) \u00e0 cette adresse: http:\/\/www.youronlinechoices.com\/lu-fr\/. Par ailleurs, certains de nos fournisseurs de solutions de tracking proposent des moyens ind\u00e9pendants pour se d\u00e9sinscrire de leur tracking : Google Analytics, Doubleclick<\/p>\n<p>La <strong>SOLINF<\/strong> garantit qu&#8217;elle effectue la collecte et le traitement des <strong>donn\u00e9es<\/strong> de l&#8217;<strong>utilisateur<\/strong> en conformit\u00e9 avec les r\u00e8gles applicables en la mati\u00e8re et notamment avec le R\u00e8glement G\u00e9n\u00e9ral Europ\u00e9en sur la Protection des Donn\u00e9es du 25 mai 2018 (ci-apr\u00e8s le \u00ab R\u00e8glement \u00bb). Plus particuli\u00e8rement, elle garantit que le traitement n&#8217;a lieu que si :<br \/>\nl&#8217;Utilisateur y a consenti,<br \/>\nle traitement est n\u00e9cessaire \u00e0 l&#8217;ex\u00e9cution d&#8217;un contrat, facturation ou de mesures pr\u00e9contractuelles,<br \/>\nle traitement est n\u00e9cessaire au respect d&#8217;une obligation l\u00e9gale \u00e0 laquelle la <strong>SOLINF<\/strong> est soumise.<\/p>\n<p>Les <strong>donn\u00e9es<\/strong> sont notamment trait\u00e9es dans l&#8217;un ou plusieurs des buts suivants :<\/p>\n<ul>\n<li>Fournir un service personnalis\u00e9 aux Utilisateurs,<\/li>\n<li>Faciliter la navigation sur le Site,<\/li>\n<li>D\u00e9compter le nombre d&#8217;articles consult\u00e9s sur une partie du Site,<\/li>\n<li>Traitement des inscriptions au Site,<\/li>\n<li>Traitement des commandes,<\/li>\n<li>Traitement des factures,<\/li>\n<li>Traitement des contrats de maintenance,<\/li>\n<li>Permettre aux Utilisateurs de participer aux fonctionnalit\u00e9s interactives du Site,<\/li>\n<\/ul>\n<p>Les <strong>donn\u00e9es<\/strong> sont notamment utilis\u00e9es de l&#8217;une ou de plusieurs des mani\u00e8res suivantes :<br \/>\npar la <strong>SOLINF<\/strong><br \/>\nAudit de l&#8217;usage du Site,<br \/>\nAide au d\u00e9veloppement des logiciels et la strat\u00e9gique de la <strong>SOLINF<\/strong>.<br \/>\nLa <strong>SOLINF<\/strong> contr\u00f4le l&#8217;acc\u00e8s aux <strong>donn\u00e9es.<\/strong><br \/>\nle droit d&#8217;acc\u00e9der aux <strong>donn\u00e9es<\/strong> les concernant et que la <strong>SOLINF<\/strong> d\u00e9tient,<br \/>\nle droit de demander la rectification des <strong>donn\u00e9es<\/strong> inexactes les concernant ou, le cas \u00e9ch\u00e9ant, de demander \u00e0 ce qu&#8217;elles soient compl\u00e9t\u00e9es,<br \/>\nd&#8217;obtenir, dans certains cas, l&#8217;effacement de leurs <strong>donn\u00e9es,<\/strong><br \/>\nle droit d&#8217;opposition au traitement (sous certaines conditions pr\u00e9vues par le R\u00e8glement),<\/p>\n<p>Dans aucun cas les Donn\u00e9es sont partag\u00e9es avec une personne tierce. Pour exercer ces droits, les <strong>utilisateurs<\/strong> peuvent contacter la <strong>SOLINF<\/strong> par courriel \u00e0 l&#8217;adresse info@solinf.lu.<\/p>\n<p>Par ailleurs, les <strong>utilisateurs<\/strong> disposent \u00e9galement du droit d&#8217;introduire une plainte aupr\u00e8s de l&#8217;autorit\u00e9 comp\u00e9tente de protection des donn\u00e9es de leur pays et\/ou du Grand-Duch\u00e9 de Luxembourg (Commission Nationale pour la Protection des Donn\u00e9es).<\/p>\n<p>Et quid du temps de conservation de vos <strong>donn\u00e9es<\/strong>:<br \/>\nNous conserverons vos Donn\u00e9es aussi longtemps qu&#8217;elles sont n\u00e9cessaires \u00e0 la r\u00e9alisation des objectifs cit\u00e9s ci-dessus ou aussi longtemps que la r\u00e8glementation y relative l&#8217;impose.<\/p>\n","protected":false},"excerpt":{"rendered":"<p>Version du 24.12.2020 Les sites www.solution-informatique.lu, www.solinf.lu, *.autorisations.lu ainsi que de fa\u00e7on plus g\u00e9n\u00e9rale les autres sites *.solinf.lu et\/ou *.solution-informatique.lu (ci-apr\u00e8s globalement le \u00ab Site \u00bb) sont des sites d\u2019information g\u00e9n\u00e9rale \u00e9dit\u00e9s par la soci\u00e9t\u00e9 Solution Informatique, soci\u00e9t\u00e9 \u00e0 responsabilit\u00e9 limit\u00e9e dont le si\u00e8ge social est situ\u00e9 \u00e0 L-3446 Dudelange, 20 rue Mathias Cungs , [&hellip;]<\/p>\n","protected":false},"author":1,"featured_media":0,"parent":10,"menu_order":0,"comment_status":"closed","ping_status":"closed","template":"","meta":{"_et_pb_use_builder":"","_et_pb_old_content":"","_et_gb_content_width":"","footnotes":"","_links_to":"","_links_to_target":""},"class_list":["post-623","page","type-page","status-publish","hentry"],"_links":{"self":[{"href":"https:\/\/www.solution-informatique.lu\/index.php?rest_route=\/wp\/v2\/pages\/623","targetHints":{"allow":["GET"]}}],"collection":[{"href":"https:\/\/www.solution-informatique.lu\/index.php?rest_route=\/wp\/v2\/pages"}],"about":[{"href":"https:\/\/www.solution-informatique.lu\/index.php?rest_route=\/wp\/v2\/types\/page"}],"author":[{"embeddable":true,"href":"https:\/\/www.solution-informatique.lu\/index.php?rest_route=\/wp\/v2\/users\/1"}],"replies":[{"embeddable":true,"href":"https:\/\/www.solution-informatique.lu\/index.php?rest_route=%2Fwp%2Fv2%2Fcomments&post=623"}],"version-history":[{"count":5,"href":"https:\/\/www.solution-informatique.lu\/index.php?rest_route=\/wp\/v2\/pages\/623\/revisions"}],"predecessor-version":[{"id":971,"href":"https:\/\/www.solution-informatique.lu\/index.php?rest_route=\/wp\/v2\/pages\/623\/revisions\/971"}],"up":[{"embeddable":true,"href":"https:\/\/www.solution-informatique.lu\/index.php?rest_route=\/wp\/v2\/pages\/10"}],"wp:attachment":[{"href":"https:\/\/www.solution-informatique.lu\/index.php?rest_route=%2Fwp%2Fv2%2Fmedia&parent=623"}],"curies":[{"name":"wp","href":"https:\/\/api.w.org\/{rel}","templated":true}]}}