{"id":65,"date":"2015-03-04T13:58:54","date_gmt":"2015-03-04T13:58:54","guid":{"rendered":"http:\/\/www.solution-informatique.lu\/?page_id=65"},"modified":"2020-12-11T16:10:46","modified_gmt":"2020-12-11T15:10:46","slug":"notre-support","status":"publish","type":"page","link":"https:\/\/www.solution-informatique.lu\/?page_id=65","title":{"rendered":"Notre Support"},"content":{"rendered":"<p>Bienvenue dans la zone support de notre site!<\/p>\n<p>Questions techniques ou informations g\u00e9n\u00e9rales, nous r\u00e9pondons \u00e0 votre demande dans les meilleurs d\u00e9lais.<\/p>\n<p>Nous vous demandons de bien vouloir \u00eatre le plus pr\u00e9cis possible dans la description de votre probl\u00e8me afin de nous permettre une r\u00e9ponse ad\u00e9quate!<\/p>\n","protected":false},"excerpt":{"rendered":"<p>Bienvenue dans la zone support de notre site! Questions techniques ou informations g\u00e9n\u00e9rales, nous r\u00e9pondons \u00e0 votre demande dans les meilleurs d\u00e9lais. Nous vous demandons de bien vouloir \u00eatre le plus pr\u00e9cis possible dans la description de votre probl\u00e8me afin de nous permettre une r\u00e9ponse ad\u00e9quate!<\/p>\n","protected":false},"author":1,"featured_media":0,"parent":0,"menu_order":0,"comment_status":"closed","ping_status":"closed","template":"","meta":{"_et_pb_use_builder":"","_et_pb_old_content":"","_et_gb_content_width":"","footnotes":"","_links_to":"","_links_to_target":""},"class_list":["post-65","page","type-page","status-publish","hentry"],"_links":{"self":[{"href":"https:\/\/www.solution-informatique.lu\/index.php?rest_route=\/wp\/v2\/pages\/65","targetHints":{"allow":["GET"]}}],"collection":[{"href":"https:\/\/www.solution-informatique.lu\/index.php?rest_route=\/wp\/v2\/pages"}],"about":[{"href":"https:\/\/www.solution-informatique.lu\/index.php?rest_route=\/wp\/v2\/types\/page"}],"author":[{"embeddable":true,"href":"https:\/\/www.solution-informatique.lu\/index.php?rest_route=\/wp\/v2\/users\/1"}],"replies":[{"embeddable":true,"href":"https:\/\/www.solution-informatique.lu\/index.php?rest_route=%2Fwp%2Fv2%2Fcomments&post=65"}],"version-history":[{"count":5,"href":"https:\/\/www.solution-informatique.lu\/index.php?rest_route=\/wp\/v2\/pages\/65\/revisions"}],"predecessor-version":[{"id":899,"href":"https:\/\/www.solution-informatique.lu\/index.php?rest_route=\/wp\/v2\/pages\/65\/revisions\/899"}],"wp:attachment":[{"href":"https:\/\/www.solution-informatique.lu\/index.php?rest_route=%2Fwp%2Fv2%2Fmedia&parent=65"}],"curies":[{"name":"wp","href":"https:\/\/api.w.org\/{rel}","templated":true}]}}