{"id":963,"date":"2020-12-24T08:43:36","date_gmt":"2020-12-24T07:43:36","guid":{"rendered":"https:\/\/www.solution-informatique.lu\/?page_id=963"},"modified":"2020-12-24T08:43:36","modified_gmt":"2020-12-24T07:43:36","slug":"addon-acautorisations","status":"publish","type":"page","link":"https:\/\/www.solution-informatique.lu\/?page_id=963","title":{"rendered":"AddOn &#8211; ACAutorisations"},"content":{"rendered":"<p>Des Web-App erlaabt et dem Utilisateur d\u00e9i verschidde Flux&#8217;en vun enger Autorisatioun ze consult\u00e9ieren. Vun der initialer Demande bis hin zu der Autorisatioun oder engem Refus!<\/p>\n<p>De FLUX selwer weist w\u00e9ini wat gefrot oder gemaach gouf. z.b. eng &#8220;Demande Documents&#8221; bei enger Demande d\u00e9i net komplett ass. Ausserdeem affich\u00e9iert de Programm w\u00e9ini de Roude Punkt (certificat) aushoung, a bis wat fir en Dag Echeance leeft fir Recours ze huelen!<\/p>\n<p>De Bourgemeschter (z.b.) ges\u00e4it, zu all Moment, wou d\u00e9i verschidden Demanden dru sinn, a brauch sech net mam Service Technique a Verbindung ze setze fir des Informatiounen ze kr\u00e9ien!<br \/>\nDate si vun iwwerall an zu egal wat fir enger Z\u00e4it disponibel!<\/p>\n\n\t\t<style type=\"text\/css\">\n\t\t\t#gallery-1 {\n\t\t\t\tmargin: auto;\n\t\t\t}\n\t\t\t#gallery-1 .gallery-item {\n\t\t\t\tfloat: left;\n\t\t\t\tmargin-top: 10px;\n\t\t\t\ttext-align: center;\n\t\t\t\twidth: 100%;\n\t\t\t}\n\t\t\t#gallery-1 img {\n\t\t\t\tborder: 2px solid #cfcfcf;\n\t\t\t}\n\t\t\t#gallery-1 .gallery-caption {\n\t\t\t\tmargin-left: 0;\n\t\t\t}\n\t\t\t\/* see gallery_shortcode() in wp-includes\/media.php *\/\n\t\t<\/style>\n\t\t<div id='gallery-1' class='gallery galleryid-963 gallery-columns-1 gallery-size-large'><dl class='gallery-item'>\n\t\t\t<dt class='gallery-icon landscape'>\n\t\t\t\t<a href='https:\/\/www.solution-informatique.lu\/?attachment_id=957'><img loading=\"lazy\" decoding=\"async\" width=\"1024\" height=\"441\" src=\"https:\/\/www.solution-informatique.lu\/wp-content\/uploads\/2020\/12\/DesktopStart-1024x441.png\" class=\"attachment-large size-large\" alt=\"\" srcset=\"https:\/\/www.solution-informatique.lu\/wp-content\/uploads\/2020\/12\/DesktopStart-1024x441.png 1024w, https:\/\/www.solution-informatique.lu\/wp-content\/uploads\/2020\/12\/DesktopStart-300x129.png 300w, https:\/\/www.solution-informatique.lu\/wp-content\/uploads\/2020\/12\/DesktopStart-768x331.png 768w, https:\/\/www.solution-informatique.lu\/wp-content\/uploads\/2020\/12\/DesktopStart-570x246.png 570w, https:\/\/www.solution-informatique.lu\/wp-content\/uploads\/2020\/12\/DesktopStart.png 1490w\" sizes=\"(max-width: 1024px) 100vw, 1024px\" \/><\/a>\n\t\t\t<\/dt><\/dl><br style=\"clear: both\" \/><dl class='gallery-item'>\n\t\t\t<dt class='gallery-icon landscape'>\n\t\t\t\t<a href='https:\/\/www.solution-informatique.lu\/?attachment_id=956'><img loading=\"lazy\" decoding=\"async\" width=\"1024\" height=\"755\" src=\"https:\/\/www.solution-informatique.lu\/wp-content\/uploads\/2020\/12\/DesktopListingDemandes-1024x755.png\" class=\"attachment-large size-large\" alt=\"\" srcset=\"https:\/\/www.solution-informatique.lu\/wp-content\/uploads\/2020\/12\/DesktopListingDemandes-1024x755.png 1024w, https:\/\/www.solution-informatique.lu\/wp-content\/uploads\/2020\/12\/DesktopListingDemandes-300x221.png 300w, https:\/\/www.solution-informatique.lu\/wp-content\/uploads\/2020\/12\/DesktopListingDemandes-768x566.png 768w, https:\/\/www.solution-informatique.lu\/wp-content\/uploads\/2020\/12\/DesktopListingDemandes-570x420.png 570w, https:\/\/www.solution-informatique.lu\/wp-content\/uploads\/2020\/12\/DesktopListingDemandes.png 1314w\" sizes=\"(max-width: 1024px) 100vw, 1024px\" \/><\/a>\n\t\t\t<\/dt><\/dl><br style=\"clear: both\" \/><dl class='gallery-item'>\n\t\t\t<dt class='gallery-icon landscape'>\n\t\t\t\t<a href='https:\/\/www.solution-informatique.lu\/?attachment_id=955'><img loading=\"lazy\" decoding=\"async\" width=\"1024\" height=\"755\" src=\"https:\/\/www.solution-informatique.lu\/wp-content\/uploads\/2020\/12\/DesktopDetailDemande-1024x755.png\" class=\"attachment-large size-large\" alt=\"\" srcset=\"https:\/\/www.solution-informatique.lu\/wp-content\/uploads\/2020\/12\/DesktopDetailDemande-1024x755.png 1024w, https:\/\/www.solution-informatique.lu\/wp-content\/uploads\/2020\/12\/DesktopDetailDemande-300x221.png 300w, https:\/\/www.solution-informatique.lu\/wp-content\/uploads\/2020\/12\/DesktopDetailDemande-768x566.png 768w, https:\/\/www.solution-informatique.lu\/wp-content\/uploads\/2020\/12\/DesktopDetailDemande-570x420.png 570w, https:\/\/www.solution-informatique.lu\/wp-content\/uploads\/2020\/12\/DesktopDetailDemande.png 1314w\" sizes=\"(max-width: 1024px) 100vw, 1024px\" \/><\/a>\n\t\t\t<\/dt><\/dl><br style=\"clear: both\" \/><dl class='gallery-item'>\n\t\t\t<dt class='gallery-icon landscape'>\n\t\t\t\t<a href='https:\/\/www.solution-informatique.lu\/?attachment_id=954'><img loading=\"lazy\" decoding=\"async\" width=\"1024\" height=\"755\" src=\"https:\/\/www.solution-informatique.lu\/wp-content\/uploads\/2020\/12\/DesktopCarte-1024x755.png\" class=\"attachment-large size-large\" alt=\"\" srcset=\"https:\/\/www.solution-informatique.lu\/wp-content\/uploads\/2020\/12\/DesktopCarte-1024x755.png 1024w, https:\/\/www.solution-informatique.lu\/wp-content\/uploads\/2020\/12\/DesktopCarte-300x221.png 300w, https:\/\/www.solution-informatique.lu\/wp-content\/uploads\/2020\/12\/DesktopCarte-768x566.png 768w, https:\/\/www.solution-informatique.lu\/wp-content\/uploads\/2020\/12\/DesktopCarte-570x420.png 570w, https:\/\/www.solution-informatique.lu\/wp-content\/uploads\/2020\/12\/DesktopCarte.png 1314w\" sizes=\"(max-width: 1024px) 100vw, 1024px\" \/><\/a>\n\t\t\t<\/dt><\/dl><br style=\"clear: both\" \/><dl class='gallery-item'>\n\t\t\t<dt class='gallery-icon portrait'>\n\t\t\t\t<a href='https:\/\/www.solution-informatique.lu\/?attachment_id=953'><img loading=\"lazy\" decoding=\"async\" width=\"429\" height=\"552\" src=\"https:\/\/www.solution-informatique.lu\/wp-content\/uploads\/2020\/12\/AndroidStart.png\" class=\"attachment-large size-large\" alt=\"\" srcset=\"https:\/\/www.solution-informatique.lu\/wp-content\/uploads\/2020\/12\/AndroidStart.png 429w, https:\/\/www.solution-informatique.lu\/wp-content\/uploads\/2020\/12\/AndroidStart-233x300.png 233w\" sizes=\"(max-width: 429px) 100vw, 429px\" \/><\/a>\n\t\t\t<\/dt><\/dl><br style=\"clear: both\" \/><dl class='gallery-item'>\n\t\t\t<dt class='gallery-icon landscape'>\n\t\t\t\t<a href='https:\/\/www.solution-informatique.lu\/?attachment_id=952'><img loading=\"lazy\" decoding=\"async\" width=\"749\" height=\"422\" src=\"https:\/\/www.solution-informatique.lu\/wp-content\/uploads\/2020\/12\/AndroidListingDemandes.png\" class=\"attachment-large size-large\" alt=\"\" srcset=\"https:\/\/www.solution-informatique.lu\/wp-content\/uploads\/2020\/12\/AndroidListingDemandes.png 749w, https:\/\/www.solution-informatique.lu\/wp-content\/uploads\/2020\/12\/AndroidListingDemandes-300x169.png 300w, https:\/\/www.solution-informatique.lu\/wp-content\/uploads\/2020\/12\/AndroidListingDemandes-570x321.png 570w, https:\/\/www.solution-informatique.lu\/wp-content\/uploads\/2020\/12\/AndroidListingDemandes-528x297.png 528w\" sizes=\"(max-width: 749px) 100vw, 749px\" \/><\/a>\n\t\t\t<\/dt><\/dl><br style=\"clear: both\" \/><dl class='gallery-item'>\n\t\t\t<dt class='gallery-icon portrait'>\n\t\t\t\t<a href='https:\/\/www.solution-informatique.lu\/?attachment_id=951'><img loading=\"lazy\" decoding=\"async\" width=\"429\" height=\"627\" src=\"https:\/\/www.solution-informatique.lu\/wp-content\/uploads\/2020\/12\/AndroidDetailDemande.png\" class=\"attachment-large size-large\" alt=\"\" srcset=\"https:\/\/www.solution-informatique.lu\/wp-content\/uploads\/2020\/12\/AndroidDetailDemande.png 429w, https:\/\/www.solution-informatique.lu\/wp-content\/uploads\/2020\/12\/AndroidDetailDemande-205x300.png 205w\" sizes=\"(max-width: 429px) 100vw, 429px\" \/><\/a>\n\t\t\t<\/dt><\/dl><br style=\"clear: both\" \/><dl class='gallery-item'>\n\t\t\t<dt class='gallery-icon portrait'>\n\t\t\t\t<a href='https:\/\/www.solution-informatique.lu\/?attachment_id=950'><img loading=\"lazy\" decoding=\"async\" width=\"429\" height=\"747\" src=\"https:\/\/www.solution-informatique.lu\/wp-content\/uploads\/2020\/12\/AndroidCarte.png\" class=\"attachment-large size-large\" alt=\"\" srcset=\"https:\/\/www.solution-informatique.lu\/wp-content\/uploads\/2020\/12\/AndroidCarte.png 429w, https:\/\/www.solution-informatique.lu\/wp-content\/uploads\/2020\/12\/AndroidCarte-172x300.png 172w\" sizes=\"(max-width: 429px) 100vw, 429px\" \/><\/a>\n\t\t\t<\/dt><\/dl><br style=\"clear: both\" \/>\n\t\t<\/div>\n\n<p>&nbsp;<\/p>\n","protected":false},"excerpt":{"rendered":"<p>Des Web-App erlaabt et dem Utilisateur d\u00e9i verschidde Flux&#8217;en vun enger Autorisatioun ze consult\u00e9ieren. Vun der initialer Demande bis hin zu der Autorisatioun oder engem Refus! De FLUX selwer weist w\u00e9ini wat gefrot oder gemaach gouf. z.b. eng &#8220;Demande Documents&#8221; bei enger Demande d\u00e9i net komplett ass. Ausserdeem affich\u00e9iert de Programm w\u00e9ini de Roude Punkt [&hellip;]<\/p>\n","protected":false},"author":1,"featured_media":0,"parent":138,"menu_order":0,"comment_status":"closed","ping_status":"closed","template":"","meta":{"_et_pb_use_builder":"","_et_pb_old_content":"","_et_gb_content_width":"","footnotes":"","_links_to":"","_links_to_target":""},"class_list":["post-963","page","type-page","status-publish","hentry"],"_links":{"self":[{"href":"https:\/\/www.solution-informatique.lu\/index.php?rest_route=\/wp\/v2\/pages\/963","targetHints":{"allow":["GET"]}}],"collection":[{"href":"https:\/\/www.solution-informatique.lu\/index.php?rest_route=\/wp\/v2\/pages"}],"about":[{"href":"https:\/\/www.solution-informatique.lu\/index.php?rest_route=\/wp\/v2\/types\/page"}],"author":[{"embeddable":true,"href":"https:\/\/www.solution-informatique.lu\/index.php?rest_route=\/wp\/v2\/users\/1"}],"replies":[{"embeddable":true,"href":"https:\/\/www.solution-informatique.lu\/index.php?rest_route=%2Fwp%2Fv2%2Fcomments&post=963"}],"version-history":[{"count":1,"href":"https:\/\/www.solution-informatique.lu\/index.php?rest_route=\/wp\/v2\/pages\/963\/revisions"}],"predecessor-version":[{"id":964,"href":"https:\/\/www.solution-informatique.lu\/index.php?rest_route=\/wp\/v2\/pages\/963\/revisions\/964"}],"up":[{"embeddable":true,"href":"https:\/\/www.solution-informatique.lu\/index.php?rest_route=\/wp\/v2\/pages\/138"}],"wp:attachment":[{"href":"https:\/\/www.solution-informatique.lu\/index.php?rest_route=%2Fwp%2Fv2%2Fmedia&parent=963"}],"curies":[{"name":"wp","href":"https:\/\/api.w.org\/{rel}","templated":true}]}}